{"id":2049,"date":"2021-05-21T19:51:16","date_gmt":"2021-05-21T17:51:16","guid":{"rendered":"https:\/\/www.ordfirman.se\/?page_id=2049"},"modified":"2021-05-27T07:38:35","modified_gmt":"2021-05-27T05:38:35","slug":"caroline-graeske","status":"publish","type":"page","link":"https:\/\/www.ordfirman.se\/?page_id=2049","title":{"rendered":"Caroline Graeske"},"content":{"rendered":"\n<p>Ordfirman presenterar \u00e4nnu en f\u00f6rfattare fr\u00e5n Norrbotten, Caroline Graeske heter hon och bor i Lule\u00e5. JORD \u00e4r Carolines bokdebut inom lyriken. Caroline \u00e4r bitr\u00e4dande professor i svenska med didaktisk inriktning vid Lule\u00e5 tekniska universitet och undervisar bland annat i kreativt skrivande. Tidigare var hon verksam vid Uppsala universitet d\u00e4r hon doktorerade i litteraturvetenskap. Hon flyttade med sin familj till Lule\u00e5 2003 och \u00e4r numera v\u00e4l grundad i den norrbottniska myllan. Caroline har skrivit och publicerat i m\u00e5nga olika genrer, men aldrig inom sk\u00f6nlitteratur och lyrik. Jord \u00e4r hennes f\u00f6rsta diktsamling. Boken kan efter den 27 maj best\u00e4llas fr\u00e5n Ordfirman, Adlibris och Bokus. <\/p>\n\n\n\n<p><\/p>\n\n\n\n<figure class=\"wp-block-image size-large\"><a href=\"https:\/\/www.ordfirman.se\/wp-content\/uploads\/2021\/05\/3D69065E-5F5B-470E-91F5-B2F0197C0205-scaled.jpeg\"><img loading=\"lazy\" decoding=\"async\" width=\"768\" height=\"1024\" src=\"https:\/\/www.ordfirman.se\/wp-content\/uploads\/2021\/05\/3D69065E-5F5B-470E-91F5-B2F0197C0205-768x1024.jpeg\" alt=\"\" class=\"wp-image-2053\" srcset=\"https:\/\/www.ordfirman.se\/wp-content\/uploads\/2021\/05\/3D69065E-5F5B-470E-91F5-B2F0197C0205-768x1024.jpeg 768w, https:\/\/www.ordfirman.se\/wp-content\/uploads\/2021\/05\/3D69065E-5F5B-470E-91F5-B2F0197C0205-225x300.jpeg 225w, https:\/\/www.ordfirman.se\/wp-content\/uploads\/2021\/05\/3D69065E-5F5B-470E-91F5-B2F0197C0205-1152x1536.jpeg 1152w, https:\/\/www.ordfirman.se\/wp-content\/uploads\/2021\/05\/3D69065E-5F5B-470E-91F5-B2F0197C0205-1536x2048.jpeg 1536w, https:\/\/www.ordfirman.se\/wp-content\/uploads\/2021\/05\/3D69065E-5F5B-470E-91F5-B2F0197C0205-1568x2091.jpeg 1568w, https:\/\/www.ordfirman.se\/wp-content\/uploads\/2021\/05\/3D69065E-5F5B-470E-91F5-B2F0197C0205-scaled.jpeg 1920w\" sizes=\"auto, (max-width: 768px) 100vw, 768px\" \/><\/a><\/figure>\n","protected":false},"excerpt":{"rendered":"<p>Ordfirman presenterar \u00e4nnu en f\u00f6rfattare fr\u00e5n Norrbotten, Caroline Graeske heter hon och bor i Lule\u00e5. JORD \u00e4r Carolines bokdebut inom lyriken. Caroline \u00e4r bitr\u00e4dande professor i svenska med didaktisk inriktning vid Lule\u00e5 tekniska universitet och undervisar bland annat i kreativt skrivande. Tidigare var hon verksam vid Uppsala universitet d\u00e4r hon doktorerade i litteraturvetenskap. Hon flyttade&hellip; <a class=\"more-link\" href=\"https:\/\/www.ordfirman.se\/?page_id=2049\">Forts\u00e4tt l\u00e4sa <span class=\"screen-reader-text\">Caroline Graeske<\/span><\/a><\/p>\n","protected":false},"author":2,"featured_media":0,"parent":0,"menu_order":0,"comment_status":"closed","ping_status":"closed","template":"","meta":{"footnotes":""},"class_list":["post-2049","page","type-page","status-publish","hentry","entry"],"_links":{"self":[{"href":"https:\/\/www.ordfirman.se\/index.php?rest_route=\/wp\/v2\/pages\/2049","targetHints":{"allow":["GET"]}}],"collection":[{"href":"https:\/\/www.ordfirman.se\/index.php?rest_route=\/wp\/v2\/pages"}],"about":[{"href":"https:\/\/www.ordfirman.se\/index.php?rest_route=\/wp\/v2\/types\/page"}],"author":[{"embeddable":true,"href":"https:\/\/www.ordfirman.se\/index.php?rest_route=\/wp\/v2\/users\/2"}],"replies":[{"embeddable":true,"href":"https:\/\/www.ordfirman.se\/index.php?rest_route=%2Fwp%2Fv2%2Fcomments&post=2049"}],"version-history":[{"count":8,"href":"https:\/\/www.ordfirman.se\/index.php?rest_route=\/wp\/v2\/pages\/2049\/revisions"}],"predecessor-version":[{"id":2066,"href":"https:\/\/www.ordfirman.se\/index.php?rest_route=\/wp\/v2\/pages\/2049\/revisions\/2066"}],"wp:attachment":[{"href":"https:\/\/www.ordfirman.se\/index.php?rest_route=%2Fwp%2Fv2%2Fmedia&parent=2049"}],"curies":[{"name":"wp","href":"https:\/\/api.w.org\/{rel}","templated":true}]}}